{"id":8,"date":"2020-05-27T15:57:19","date_gmt":"2020-05-27T10:57:19","guid":{"rendered":"http:\/\/imported-template\/?page_id=8"},"modified":"2023-01-22T20:58:19","modified_gmt":"2023-01-22T15:58:19","slug":"about","status":"publish","type":"page","link":"https:\/\/sameenaiqbal.com\/business\/blog\/about\/","title":{"rendered":"Dr. Sameena Iqbal"},"content":{"rendered":"\n<div class=\"wp-block-media-text alignwide has-media-on-the-right is-stacked-on-mobile\" style=\"grid-template-columns:auto 38%\"><div class=\"wp-block-media-text__content\">\n<p><mark style=\"background-color:rgba(0, 0, 0, 0)\" class=\"has-inline-color has-very-light-gray-color\">Dr. Sameena Iqbal is a nephrologist (kidney specialist) who has trained at Queen\u2019s and McGill University, Canada. She has completed a Master\u2019s in Community Health and Epidemiology. Medical Education, Chronic Kidney disease, kidney care in the community, kidney stones, hyponatremia and Polycystic Kidney disease are her clinical interests.<\/mark><\/p>\n\n\n\n<p><mark style=\"background-color:rgba(0, 0, 0, 0)\" class=\"has-inline-color has-very-light-gray-color\">She has worked on patient education tools and several continuing medical education lectures in the nephrology<\/mark><\/p>\n\n\n\n<p><\/p>\n<\/div><figure class=\"wp-block-media-text__media\"><img data-recalc-dims=\"1\" loading=\"lazy\" decoding=\"async\" width=\"192\" height=\"263\" src=\"https:\/\/i0.wp.com\/sameenaiqbal.com\/wp-content\/uploads\/2020\/08\/myfaceagain-1.jpg?resize=192%2C263&#038;ssl=1\" alt=\"\" class=\"wp-image-273 size-full\"\/><\/figure><\/div>\n\n\n\n<div style=\"height:50px\" aria-hidden=\"true\" class=\"wp-block-spacer\"><\/div>\n\n\n\n<p class=\"has-large-font-size\"><mark style=\"background-color:rgba(0, 0, 0, 0)\" class=\"has-inline-color has-very-light-gray-color\"><strong>Locations of clinics<\/strong><\/mark><\/p>\n\n\n\n<figure class=\"wp-block-table\"><table><tbody><tr><td><span class=\"has-inline-color has-white-color\">Centre M\u00e9dical NDG<br>4170 boul. D\u00e9carie<br>Montr\u00e9al, Qu\u00e9bec H4A 3K2<br>Telephone number 514-484-1601<br>Telecopier number 514-369-1321<\/span><\/td><td><span class=\"has-inline-color has-white-color\">Clinique Sant\u00e9<br>c\/o Philippe Tuan-Minh Vo<br>7604 avenue Querbes<br>Montr\u00e9al, Qu\u00e9bec H3N 2B6<br>Telephone number 514-273-0258<br>Telecopier number 514-273-7795<\/span><\/td><td><span class=\"has-inline-color has-white-color\">Clinique Parc X<br>472 Jean Talon Ouest <br>Montr\u00e9al, Qu\u00e9bec H3N1R3<br>Telephone number 514-535-0165<br><\/span><br><\/td><\/tr><\/tbody><\/table><\/figure>\n\n\n\n<p class=\"has-text-align-center has-medium-font-size\"><mark style=\"background-color:rgba(0, 0, 0, 0)\" class=\"has-inline-color has-white-color\">Contact Us<\/mark><\/p>\n\n\n<div class=\"wpforms-container wpforms-container-full wpforms-block\" id=\"wpforms-2314\"><form id=\"wpforms-form-2314\" class=\"wpforms-validate wpforms-form\" data-formid=\"2314\" method=\"post\" enctype=\"multipart\/form-data\" action=\"\/business\/blog\/about\/wp-json\/wp\/v2\/pages\/8\" data-token=\"9b8e5989385d2cfe64cd0ee187b08a1e\" data-token-time=\"1776947684\"><noscript class=\"wpforms-error-noscript\">Please enable JavaScript in your browser to complete this form.<\/noscript><div class=\"wpforms-field-container\"><div id=\"wpforms-2314-field_0-container\" class=\"wpforms-field wpforms-field-name\" data-field-id=\"0\"><label class=\"wpforms-field-label\">Name <span class=\"wpforms-required-label\">*<\/span><\/label><div class=\"wpforms-field-row wpforms-field-medium\"><div class=\"wpforms-field-row-block wpforms-first wpforms-one-half\"><input type=\"text\" id=\"wpforms-2314-field_0\" class=\"wpforms-field-name-first wpforms-field-required\" name=\"wpforms[fields][0][first]\" required><label for=\"wpforms-2314-field_0\" class=\"wpforms-field-sublabel after\">First<\/label><\/div><div class=\"wpforms-field-row-block wpforms-one-half\"><input type=\"text\" id=\"wpforms-2314-field_0-last\" class=\"wpforms-field-name-last wpforms-field-required\" name=\"wpforms[fields][0][last]\" required><label for=\"wpforms-2314-field_0-last\" class=\"wpforms-field-sublabel after\">Last<\/label><\/div><\/div><\/div><div id=\"wpforms-2314-field_1-container\" class=\"wpforms-field wpforms-field-email\" data-field-id=\"1\"><label class=\"wpforms-field-label\" for=\"wpforms-2314-field_1\">Email <span class=\"wpforms-required-label\">*<\/span><\/label><input type=\"email\" id=\"wpforms-2314-field_1\" class=\"wpforms-field-medium wpforms-field-required\" name=\"wpforms[fields][1]\" spellcheck=\"false\" required><\/div><div id=\"wpforms-2314-field_2-container\" class=\"wpforms-field wpforms-field-textarea\" data-field-id=\"2\"><label class=\"wpforms-field-label\" for=\"wpforms-2314-field_2\">Comment or Message <span class=\"wpforms-required-label\">*<\/span><\/label><textarea id=\"wpforms-2314-field_2\" class=\"wpforms-field-medium wpforms-field-required\" name=\"wpforms[fields][2]\" required><\/textarea><\/div><\/div><!-- .wpforms-field-container --><div class=\"wpforms-field wpforms-field-hp\"><label for=\"wpforms-2314-field-hp\" class=\"wpforms-field-label\">Comment<\/label><input type=\"text\" name=\"wpforms[hp]\" id=\"wpforms-2314-field-hp\" class=\"wpforms-field-medium\"><\/div><div class=\"wpforms-submit-container\" ><input type=\"hidden\" name=\"wpforms[id]\" value=\"2314\"><input type=\"hidden\" name=\"page_title\" value=\"\"><input type=\"hidden\" name=\"page_url\" value=\"https:\/\/sameenaiqbal.com\/business\/blog\/about\/wp-json\/wp\/v2\/pages\/8\"><input type=\"hidden\" name=\"url_referer\" value=\"\"><button type=\"submit\" name=\"wpforms[submit]\" id=\"wpforms-submit-2314\" class=\"wpforms-submit\" data-alt-text=\"Sending...\" data-submit-text=\"Submit\" aria-live=\"assertive\" value=\"wpforms-submit\">Submit<\/button><\/div><\/form><\/div>  <!-- .wpforms-container -->","protected":false},"excerpt":{"rendered":"<p>Dr. Sameena Iqbal is a nephrologist (kidney specialist) who has trained at Queen\u2019s and McGill University, Canada. She has completed a Master\u2019s in Community Health and Epidemiology. Medical Education, Chronic Kidney disease, kidney care in the community, kidney stones, hyponatremia and Polycystic Kidney disease are her clinical interests. She has worked on patient education toolsContinue reading &rarr;<\/p>\n","protected":false},"author":2,"featured_media":0,"parent":0,"menu_order":0,"comment_status":"closed","ping_status":"closed","template":"","meta":{"nf_dc_page":"","om_disable_all_campaigns":false,"_monsterinsights_skip_tracking":false,"_monsterinsights_sitenote_active":false,"_monsterinsights_sitenote_note":"","_monsterinsights_sitenote_category":0,"footnotes":""},"class_list":["post-8","page","type-page","status-publish","hentry","no-thumb"],"jetpack_sharing_enabled":true,"_links":{"self":[{"href":"https:\/\/sameenaiqbal.com\/business\/blog\/about\/wp-json\/wp\/v2\/pages\/8","targetHints":{"allow":["GET"]}}],"collection":[{"href":"https:\/\/sameenaiqbal.com\/business\/blog\/about\/wp-json\/wp\/v2\/pages"}],"about":[{"href":"https:\/\/sameenaiqbal.com\/business\/blog\/about\/wp-json\/wp\/v2\/types\/page"}],"author":[{"embeddable":true,"href":"https:\/\/sameenaiqbal.com\/business\/blog\/about\/wp-json\/wp\/v2\/users\/2"}],"replies":[{"embeddable":true,"href":"https:\/\/sameenaiqbal.com\/business\/blog\/about\/wp-json\/wp\/v2\/comments?post=8"}],"version-history":[{"count":4,"href":"https:\/\/sameenaiqbal.com\/business\/blog\/about\/wp-json\/wp\/v2\/pages\/8\/revisions"}],"predecessor-version":[{"id":2341,"href":"https:\/\/sameenaiqbal.com\/business\/blog\/about\/wp-json\/wp\/v2\/pages\/8\/revisions\/2341"}],"wp:attachment":[{"href":"https:\/\/sameenaiqbal.com\/business\/blog\/about\/wp-json\/wp\/v2\/media?parent=8"}],"curies":[{"name":"wp","href":"https:\/\/api.w.org\/{rel}","templated":true}]}}